{"id":2225,"date":"2018-09-18T15:09:44","date_gmt":"2018-09-18T15:09:44","guid":{"rendered":"https:\/\/bierolade.be\/over-bierolade\/"},"modified":"2026-04-10T12:05:04","modified_gmt":"2026-04-10T12:05:04","slug":"bierolade","status":"publish","type":"page","link":"https:\/\/bierolade.be\/fr\/a-propos\/bierolade\/","title":{"rendered":"Bierolade"},"content":{"rendered":"<p>[et_pb_section fb_built=\u00a0\u00bb1&Prime; admin_label=\u00a0\u00bbsection\u00a0\u00bb _builder_version=\u00a0\u00bb4.16&Prime; global_colors_info=\u00a0\u00bb{}\u00a0\u00bb theme_builder_area=\u00a0\u00bbpost_content\u00a0\u00bb][et_pb_row column_structure=\u00a0\u00bb1_2,1_2&Prime; admin_label=\u00a0\u00bbrow\u00a0\u00bb _builder_version=\u00a0\u00bb4.16&Prime; background_size=\u00a0\u00bbinitial\u00a0\u00bb background_position=\u00a0\u00bbtop_left\u00a0\u00bb background_repeat=\u00a0\u00bbrepeat\u00a0\u00bb global_colors_info=\u00a0\u00bb{}\u00a0\u00bb theme_builder_area=\u00a0\u00bbpost_content\u00a0\u00bb][et_pb_column type=\u00a0\u00bb1_2&Prime; _builder_version=\u00a0\u00bb4.16&Prime; custom_padding=\u00a0\u00bb|||\u00a0\u00bb global_colors_info=\u00a0\u00bb{}\u00a0\u00bb custom_padding__hover=\u00a0\u00bb|||\u00a0\u00bb theme_builder_area=\u00a0\u00bbpost_content\u00a0\u00bb][et_pb_image src=\u00a0\u00bbhttps:\/\/bierolade.be\/wp-content\/uploads\/2020\/05\/Bierolade-pic1.png\u00a0\u00bb title_text=\u00a0\u00bbBierolade pic1&Prime; _builder_version=\u00a0\u00bb4.16&Prime; global_colors_info=\u00a0\u00bb{}\u00a0\u00bb theme_builder_area=\u00a0\u00bbpost_content\u00a0\u00bb][\/et_pb_image][\/et_pb_column][et_pb_column type=\u00a0\u00bb1_2&Prime; _builder_version=\u00a0\u00bb4.16&Prime; custom_padding=\u00a0\u00bb|||\u00a0\u00bb global_colors_info=\u00a0\u00bb{}\u00a0\u00bb custom_padding__hover=\u00a0\u00bb|||\u00a0\u00bb theme_builder_area=\u00a0\u00bbpost_content\u00a0\u00bb][et_pb_text admin_label=\u00a0\u00bbText\u00a0\u00bb _builder_version=\u00a0\u00bb4.27.4&Prime; background_size=\u00a0\u00bbinitial\u00a0\u00bb background_position=\u00a0\u00bbtop_left\u00a0\u00bb background_repeat=\u00a0\u00bbrepeat\u00a0\u00bb hover_enabled=\u00a0\u00bb0&Prime; global_colors_info=\u00a0\u00bb{}\u00a0\u00bb theme_builder_area=\u00a0\u00bbpost_content\u00a0\u00bb sticky_enabled=\u00a0\u00bb0&Prime;]<\/p>\n<h2>Mission et vision<\/h2>\n<p><\/p>\n<div>\n<p>Bierolade est un concept unique qui permet de d\u00e9couvrir les secrets de la bi\u00e8re et du chocolat \u00e0 travers des ateliers, d\u00e9gustations et promenades guid\u00e9es.<\/p>\n<p>Nous organisons des exp\u00e9riences conviviales et interactives pour particuliers, entreprises et groupes : team buildings, \u00e9v\u00e9nements d\u2019entreprise, ateliers pour associations ou activit\u00e9s priv\u00e9es.<\/p>\n<p>Gr\u00e2ce \u00e0 notre expertise en accords bi\u00e8re et chocolat, nous cr\u00e9ons des exp\u00e9riences enti\u00e8rement sur mesure, adapt\u00e9es \u00e0 votre lieu, vos envies et votre public.<\/p>\n<p>Pas de formules standardis\u00e9es, mais des moments authentiques qui laissent une impression durable.<\/p>\n<\/div>\n<p>[\/et_pb_text][\/et_pb_column][\/et_pb_row][\/et_pb_section]<\/p>\n","protected":false},"excerpt":{"rendered":"<p>Mission et vision Bierolade est un concept unique qui permet de d\u00e9couvrir les secrets de la bi\u00e8re et du chocolat \u00e0 travers des ateliers, d\u00e9gustations et promenades guid\u00e9es. Nous organisons des exp\u00e9riences conviviales et interactives pour particuliers, entreprises et groupes : team buildings, \u00e9v\u00e9nements d\u2019entreprise, ateliers pour associations ou activit\u00e9s priv\u00e9es. Gr\u00e2ce \u00e0 notre expertise [&hellip;]<\/p>\n","protected":false},"author":1,"featured_media":2226,"parent":2227,"menu_order":0,"comment_status":"closed","ping_status":"closed","template":"","meta":{"_acf_changed":false,"_et_pb_use_builder":"on","_et_pb_old_content":"","_et_gb_content_width":"","inline_featured_image":false,"footnotes":""},"class_list":["post-2225","page","type-page","status-publish","has-post-thumbnail","hentry"],"acf":[],"yoast_head":"<!-- This site is optimized with the Yoast SEO plugin v27.3 - https:\/\/yoast.com\/product\/yoast-seo-wordpress\/ -->\n<title>Bierolade - Bierolade par Werner Callebaut<\/title>\n<meta name=\"description\" content=\"Bierolade est un concept unique dans lequel nous laissons les gens d\u00e9couvrir les secrets de la bi\u00e8re et \/ ou du chocolat \u00e0 travers des ateliers amusants, des promenades de d\u00e9gustation de bi\u00e8re, des conf\u00e9rences, ...\" \/>\n<meta name=\"robots\" content=\"index, follow, max-snippet:-1, max-image-preview:large, max-video-preview:-1\" \/>\n<link rel=\"canonical\" href=\"https:\/\/bierolade.be\/fr\/a-propos\/bierolade\/\" \/>\n<meta property=\"og:locale\" content=\"fr_FR\" \/>\n<meta property=\"og:type\" content=\"article\" \/>\n<meta property=\"og:title\" content=\"Bierolade - Bierolade par Werner Callebaut\" \/>\n<meta property=\"og:description\" content=\"Bierolade est un concept unique dans lequel nous laissons les gens d\u00e9couvrir les secrets de la bi\u00e8re et \/ ou du chocolat \u00e0 travers des ateliers amusants, des promenades de d\u00e9gustation de bi\u00e8re, des conf\u00e9rences, ...\" \/>\n<meta property=\"og:url\" content=\"https:\/\/bierolade.be\/fr\/a-propos\/bierolade\/\" \/>\n<meta property=\"og:site_name\" content=\"Bierolade par Werner Callebaut\" \/>\n<meta property=\"article:publisher\" content=\"https:\/\/www.facebook.com\/bierolade\/\" \/>\n<meta property=\"article:modified_time\" content=\"2026-04-10T12:05:04+00:00\" \/>\n<meta property=\"og:image\" content=\"https:\/\/bierolade.be\/wp-content\/uploads\/2017\/03\/IBTM-World-Barcelona-Visit-Flanders-Nov16-Bierolade-46.jpg\" \/>\n\t<meta property=\"og:image:width\" content=\"1320\" \/>\n\t<meta property=\"og:image:height\" content=\"881\" \/>\n\t<meta property=\"og:image:type\" content=\"image\/jpeg\" \/>\n<meta name=\"twitter:card\" content=\"summary_large_image\" \/>\n<meta name=\"twitter:label1\" content=\"Dur\u00e9e de lecture estim\u00e9e\" \/>\n\t<meta name=\"twitter:data1\" content=\"1 minute\" \/>\n<script type=\"application\/ld+json\" class=\"yoast-schema-graph\">{\"@context\":\"https:\\\/\\\/schema.org\",\"@graph\":[{\"@type\":\"WebPage\",\"@id\":\"https:\\\/\\\/bierolade.be\\\/fr\\\/a-propos\\\/bierolade\\\/\",\"url\":\"https:\\\/\\\/bierolade.be\\\/fr\\\/a-propos\\\/bierolade\\\/\",\"name\":\"Bierolade - Bierolade par Werner Callebaut\",\"isPartOf\":{\"@id\":\"https:\\\/\\\/bierolade.be\\\/fr\\\/#website\"},\"primaryImageOfPage\":{\"@id\":\"https:\\\/\\\/bierolade.be\\\/fr\\\/a-propos\\\/bierolade\\\/#primaryimage\"},\"image\":{\"@id\":\"https:\\\/\\\/bierolade.be\\\/fr\\\/a-propos\\\/bierolade\\\/#primaryimage\"},\"thumbnailUrl\":\"https:\\\/\\\/bierolade.be\\\/wp-content\\\/uploads\\\/2017\\\/03\\\/IBTM-World-Barcelona-Visit-Flanders-Nov16-Bierolade-46.jpg\",\"datePublished\":\"2018-09-18T15:09:44+00:00\",\"dateModified\":\"2026-04-10T12:05:04+00:00\",\"description\":\"Bierolade est un concept unique dans lequel nous laissons les gens d\u00e9couvrir les secrets de la bi\u00e8re et \\\/ ou du chocolat \u00e0 travers des ateliers amusants, des promenades de d\u00e9gustation de bi\u00e8re, des conf\u00e9rences, ...\",\"breadcrumb\":{\"@id\":\"https:\\\/\\\/bierolade.be\\\/fr\\\/a-propos\\\/bierolade\\\/#breadcrumb\"},\"inLanguage\":\"fr-FR\",\"potentialAction\":[{\"@type\":\"ReadAction\",\"target\":[\"https:\\\/\\\/bierolade.be\\\/fr\\\/a-propos\\\/bierolade\\\/\"]}]},{\"@type\":\"ImageObject\",\"inLanguage\":\"fr-FR\",\"@id\":\"https:\\\/\\\/bierolade.be\\\/fr\\\/a-propos\\\/bierolade\\\/#primaryimage\",\"url\":\"https:\\\/\\\/bierolade.be\\\/wp-content\\\/uploads\\\/2017\\\/03\\\/IBTM-World-Barcelona-Visit-Flanders-Nov16-Bierolade-46.jpg\",\"contentUrl\":\"https:\\\/\\\/bierolade.be\\\/wp-content\\\/uploads\\\/2017\\\/03\\\/IBTM-World-Barcelona-Visit-Flanders-Nov16-Bierolade-46.jpg\",\"width\":1320,\"height\":881},{\"@type\":\"BreadcrumbList\",\"@id\":\"https:\\\/\\\/bierolade.be\\\/fr\\\/a-propos\\\/bierolade\\\/#breadcrumb\",\"itemListElement\":[{\"@type\":\"ListItem\",\"position\":1,\"name\":\"Home\",\"item\":\"https:\\\/\\\/bierolade.be\\\/fr\\\/\"},{\"@type\":\"ListItem\",\"position\":2,\"name\":\"\u00c0 propos\",\"item\":\"https:\\\/\\\/bierolade.be\\\/fr\\\/a-propos\\\/\"},{\"@type\":\"ListItem\",\"position\":3,\"name\":\"Bierolade\"}]},{\"@type\":\"WebSite\",\"@id\":\"https:\\\/\\\/bierolade.be\\\/fr\\\/#website\",\"url\":\"https:\\\/\\\/bierolade.be\\\/fr\\\/\",\"name\":\"Bierolade Door Werner Callebaut\",\"description\":\"Apprenez tout sur la bi\u00e8re et le chocolat\",\"publisher\":{\"@id\":\"https:\\\/\\\/bierolade.be\\\/fr\\\/#organization\"},\"potentialAction\":[{\"@type\":\"SearchAction\",\"target\":{\"@type\":\"EntryPoint\",\"urlTemplate\":\"https:\\\/\\\/bierolade.be\\\/fr\\\/?s={search_term_string}\"},\"query-input\":{\"@type\":\"PropertyValueSpecification\",\"valueRequired\":true,\"valueName\":\"search_term_string\"}}],\"inLanguage\":\"fr-FR\"},{\"@type\":\"Organization\",\"@id\":\"https:\\\/\\\/bierolade.be\\\/fr\\\/#organization\",\"name\":\"Bierolade\",\"url\":\"https:\\\/\\\/bierolade.be\\\/fr\\\/\",\"logo\":{\"@type\":\"ImageObject\",\"inLanguage\":\"fr-FR\",\"@id\":\"https:\\\/\\\/bierolade.be\\\/fr\\\/#\\\/schema\\\/logo\\\/image\\\/\",\"url\":\"https:\\\/\\\/bierolade.be\\\/wp-content\\\/uploads\\\/2019\\\/04\\\/Logo_Bruin_Scherm.png\",\"contentUrl\":\"https:\\\/\\\/bierolade.be\\\/wp-content\\\/uploads\\\/2019\\\/04\\\/Logo_Bruin_Scherm.png\",\"width\":1774,\"height\":1403,\"caption\":\"Bierolade\"},\"image\":{\"@id\":\"https:\\\/\\\/bierolade.be\\\/fr\\\/#\\\/schema\\\/logo\\\/image\\\/\"},\"sameAs\":[\"https:\\\/\\\/www.facebook.com\\\/bierolade\\\/\",\"https:\\\/\\\/www.linkedin.com\\\/company\\\/bierolade\\\/\"]}]}<\/script>\n<!-- \/ Yoast SEO plugin. -->","yoast_head_json":{"title":"Bierolade - Bierolade par Werner Callebaut","description":"Bierolade est un concept unique dans lequel nous laissons les gens d\u00e9couvrir les secrets de la bi\u00e8re et \/ ou du chocolat \u00e0 travers des ateliers amusants, des promenades de d\u00e9gustation de bi\u00e8re, des conf\u00e9rences, ...","robots":{"index":"index","follow":"follow","max-snippet":"max-snippet:-1","max-image-preview":"max-image-preview:large","max-video-preview":"max-video-preview:-1"},"canonical":"https:\/\/bierolade.be\/fr\/a-propos\/bierolade\/","og_locale":"fr_FR","og_type":"article","og_title":"Bierolade - Bierolade par Werner Callebaut","og_description":"Bierolade est un concept unique dans lequel nous laissons les gens d\u00e9couvrir les secrets de la bi\u00e8re et \/ ou du chocolat \u00e0 travers des ateliers amusants, des promenades de d\u00e9gustation de bi\u00e8re, des conf\u00e9rences, ...","og_url":"https:\/\/bierolade.be\/fr\/a-propos\/bierolade\/","og_site_name":"Bierolade par Werner Callebaut","article_publisher":"https:\/\/www.facebook.com\/bierolade\/","article_modified_time":"2026-04-10T12:05:04+00:00","og_image":[{"width":1320,"height":881,"url":"https:\/\/bierolade.be\/wp-content\/uploads\/2017\/03\/IBTM-World-Barcelona-Visit-Flanders-Nov16-Bierolade-46.jpg","type":"image\/jpeg"}],"twitter_card":"summary_large_image","twitter_misc":{"Dur\u00e9e de lecture estim\u00e9e":"1 minute"},"schema":{"@context":"https:\/\/schema.org","@graph":[{"@type":"WebPage","@id":"https:\/\/bierolade.be\/fr\/a-propos\/bierolade\/","url":"https:\/\/bierolade.be\/fr\/a-propos\/bierolade\/","name":"Bierolade - Bierolade par Werner Callebaut","isPartOf":{"@id":"https:\/\/bierolade.be\/fr\/#website"},"primaryImageOfPage":{"@id":"https:\/\/bierolade.be\/fr\/a-propos\/bierolade\/#primaryimage"},"image":{"@id":"https:\/\/bierolade.be\/fr\/a-propos\/bierolade\/#primaryimage"},"thumbnailUrl":"https:\/\/bierolade.be\/wp-content\/uploads\/2017\/03\/IBTM-World-Barcelona-Visit-Flanders-Nov16-Bierolade-46.jpg","datePublished":"2018-09-18T15:09:44+00:00","dateModified":"2026-04-10T12:05:04+00:00","description":"Bierolade est un concept unique dans lequel nous laissons les gens d\u00e9couvrir les secrets de la bi\u00e8re et \/ ou du chocolat \u00e0 travers des ateliers amusants, des promenades de d\u00e9gustation de bi\u00e8re, des conf\u00e9rences, ...","breadcrumb":{"@id":"https:\/\/bierolade.be\/fr\/a-propos\/bierolade\/#breadcrumb"},"inLanguage":"fr-FR","potentialAction":[{"@type":"ReadAction","target":["https:\/\/bierolade.be\/fr\/a-propos\/bierolade\/"]}]},{"@type":"ImageObject","inLanguage":"fr-FR","@id":"https:\/\/bierolade.be\/fr\/a-propos\/bierolade\/#primaryimage","url":"https:\/\/bierolade.be\/wp-content\/uploads\/2017\/03\/IBTM-World-Barcelona-Visit-Flanders-Nov16-Bierolade-46.jpg","contentUrl":"https:\/\/bierolade.be\/wp-content\/uploads\/2017\/03\/IBTM-World-Barcelona-Visit-Flanders-Nov16-Bierolade-46.jpg","width":1320,"height":881},{"@type":"BreadcrumbList","@id":"https:\/\/bierolade.be\/fr\/a-propos\/bierolade\/#breadcrumb","itemListElement":[{"@type":"ListItem","position":1,"name":"Home","item":"https:\/\/bierolade.be\/fr\/"},{"@type":"ListItem","position":2,"name":"\u00c0 propos","item":"https:\/\/bierolade.be\/fr\/a-propos\/"},{"@type":"ListItem","position":3,"name":"Bierolade"}]},{"@type":"WebSite","@id":"https:\/\/bierolade.be\/fr\/#website","url":"https:\/\/bierolade.be\/fr\/","name":"Bierolade Door Werner Callebaut","description":"Apprenez tout sur la bi\u00e8re et le chocolat","publisher":{"@id":"https:\/\/bierolade.be\/fr\/#organization"},"potentialAction":[{"@type":"SearchAction","target":{"@type":"EntryPoint","urlTemplate":"https:\/\/bierolade.be\/fr\/?s={search_term_string}"},"query-input":{"@type":"PropertyValueSpecification","valueRequired":true,"valueName":"search_term_string"}}],"inLanguage":"fr-FR"},{"@type":"Organization","@id":"https:\/\/bierolade.be\/fr\/#organization","name":"Bierolade","url":"https:\/\/bierolade.be\/fr\/","logo":{"@type":"ImageObject","inLanguage":"fr-FR","@id":"https:\/\/bierolade.be\/fr\/#\/schema\/logo\/image\/","url":"https:\/\/bierolade.be\/wp-content\/uploads\/2019\/04\/Logo_Bruin_Scherm.png","contentUrl":"https:\/\/bierolade.be\/wp-content\/uploads\/2019\/04\/Logo_Bruin_Scherm.png","width":1774,"height":1403,"caption":"Bierolade"},"image":{"@id":"https:\/\/bierolade.be\/fr\/#\/schema\/logo\/image\/"},"sameAs":["https:\/\/www.facebook.com\/bierolade\/","https:\/\/www.linkedin.com\/company\/bierolade\/"]}]}},"_links":{"self":[{"href":"https:\/\/bierolade.be\/fr\/wp-json\/wp\/v2\/pages\/2225","targetHints":{"allow":["GET"]}}],"collection":[{"href":"https:\/\/bierolade.be\/fr\/wp-json\/wp\/v2\/pages"}],"about":[{"href":"https:\/\/bierolade.be\/fr\/wp-json\/wp\/v2\/types\/page"}],"author":[{"embeddable":true,"href":"https:\/\/bierolade.be\/fr\/wp-json\/wp\/v2\/users\/1"}],"replies":[{"embeddable":true,"href":"https:\/\/bierolade.be\/fr\/wp-json\/wp\/v2\/comments?post=2225"}],"version-history":[{"count":3,"href":"https:\/\/bierolade.be\/fr\/wp-json\/wp\/v2\/pages\/2225\/revisions"}],"predecessor-version":[{"id":92988,"href":"https:\/\/bierolade.be\/fr\/wp-json\/wp\/v2\/pages\/2225\/revisions\/92988"}],"up":[{"embeddable":true,"href":"https:\/\/bierolade.be\/fr\/wp-json\/wp\/v2\/pages\/2227"}],"wp:featuredmedia":[{"embeddable":true,"href":"https:\/\/bierolade.be\/fr\/wp-json\/wp\/v2\/media\/2226"}],"wp:attachment":[{"href":"https:\/\/bierolade.be\/fr\/wp-json\/wp\/v2\/media?parent=2225"}],"curies":[{"name":"wp","href":"https:\/\/api.w.org\/{rel}","templated":true}]}}